{"id":43,"date":"2020-11-03T17:21:08","date_gmt":"2020-11-03T17:21:08","guid":{"rendered":"https:\/\/frank-heinen.de\/?page_id=43"},"modified":"2025-03-16T15:55:27","modified_gmt":"2025-03-16T15:55:27","slug":"frank-heinen","status":"publish","type":"page","link":"https:\/\/frank-heinen.de\/index.php\/frank-heinen\/","title":{"rendered":"Frank Heinen"},"content":{"rendered":"<p>[et_pb_section][et_pb_row][et_pb_column type=&#8220;4_4&#8243;][et_pb_text]&nbsp;<\/p>\n<p>Der Musiker, Produzent ( ARION MUSIKPRODUKTION ) und Komponist Frank Heinen spielt nunmehr seit \u00fcber 20 Jahren mit seiner Wersi-Orgel als Showorganist und Instrumentalmusiker f\u00fcr sein Publikum auf Veranstaltungen im deutschsprachigen Raum.<\/p>\n<p>Sein Markenzeichen ist es, ein komplettes Orchester mit zwei H\u00e4nden und F\u00fc\u00dfen erklingen zu lassen und sich dabei spontan auf die W\u00fcnsche des Publikums einzustellen. Er ist einer der Musiker, der noch live spielt.<\/p>\n<p>Egal ob nun f\u00fcr Prominente f\u00fcr Show und Fernsehen wie z.B Thomas Gottschalk und\u00a0Dieter Bohlen, oder vor 5000 Besucher eines Konzertes in Berlin,\u00a0bei einem Auftritt\u00a0f\u00fcr den\u00a0Radiosender SWR4, f\u00fcr Firmenevents (Haribo) oder Galas\u00a0und Veranstaltungen in\u00a0Ihrer N\u00e4he.\u00a0Wo\u00a0auch immer Frank Heinen in die Tasten greift, kann die Party beginnen.<\/p>\n<p>Wer Frank Heinen kennenlernen durfte wei\u00df:<br \/>\nTemprament und Musik im Blut haben einen Namen:<\/p>\n<p>Frank Heinen &#8211; Ein Mann und sein Orchester![\/et_pb_text][\/et_pb_column][\/et_pb_row][\/et_pb_section]<\/p>\n","protected":false},"excerpt":{"rendered":"<p><div class=\"et_pb_section et_pb_section_0 et_section_regular\" >\n\t\t\t\t\n\t\t\t\t\n\t\t\t\t\n\t\t\t\t\n\t\t\t\t\n\t\t\t\t\n\t\t\t\t\n\t\t\t\t\n\t\t\t\t\n\t\t\t<\/div><div class=\"et_pb_row et_pb_row_0 et_pb_row_empty\">\n\t\t\t\t\n\t\t\t\t\n\t\t\t\t\n\t\t\t\t\n\t\t\t\t\n\t\t\t<\/div><div class=\"et_pb_module et_pb_text et_pb_text_0  et_pb_text_align_left et_pb_bg_layout_light\">\n\t\t\t\t\n\t\t\t\t\n\t\t\t\t\n\t\t\t\t\n\t\t\t\t\n\t\t\t<\/div>&nbsp; Der Musiker, Produzent ( ARION MUSIKPRODUKTION ) und Komponist Frank Heinen spielt nunmehr seit \u00fcber 20 Jahren mit seiner Wersi-Orgel als Showorganist und Instrumentalmusiker f\u00fcr sein Publikum auf Veranstaltungen im deutschsprachigen Raum. Sein Markenzeichen ist es, ein komplettes Orchester mit zwei H\u00e4nden und F\u00fc\u00dfen erklingen zu lassen und sich dabei spontan auf die W\u00fcnsche [&hellip;]<\/p>\n","protected":false},"author":1,"featured_media":57,"parent":0,"menu_order":0,"comment_status":"closed","ping_status":"closed","template":"","meta":{"_et_pb_use_builder":"on","_et_pb_old_content":"&nbsp;\r\n\r\nDer Musiker, Produzent ( ARION MUSIKPRODUKTION ) und Komponist Frank Heinen spielt nunmehr seit \u00fcber 20 Jahren mit seiner Wersi-Orgel als Showorganist und Instrumentalmusiker f\u00fcr sein Publikum auf Veranstaltungen im deutschsprachigen Raum.\r\n\r\nSein Markenzeichen ist es, ein komplettes Orchester mit zwei H\u00e4nden und F\u00fc\u00dfen erklingen zu lassen und sich dabei spontan auf die W\u00fcnsche des Publikums einzustellen. Er ist einer der Musiker, der noch live spielt.\r\n\r\nEgal ob nun f\u00fcr Prominente f\u00fcr Show und Fernsehen wie z.B Thomas Gottschalk und\u00a0Dieter Bohlen, oder vor 5000 Besucher eines Konzertes in Berlin,\u00a0bei einem Auftritt\u00a0f\u00fcr den\u00a0Radiosender SWR4, f\u00fcr Firmenevents (Haribo) oder Galas\u00a0und Veranstaltungen in\u00a0Ihrer N\u00e4he.\u00a0Wo\u00a0auch immer Frank Heinen in die Tasten greift, kann die Party beginnen.\r\n\r\nWer Frank Heinen kennenlernen durfte wei\u00df:\r\nTemprament und Musik im Blut haben einen Namen:\r\n\r\nFrank Heinen - Ein Mann und sein Orchester!","_et_gb_content_width":"","footnotes":""},"class_list":["post-43","page","type-page","status-publish","has-post-thumbnail","hentry"],"_links":{"self":[{"href":"https:\/\/frank-heinen.de\/index.php\/wp-json\/wp\/v2\/pages\/43","targetHints":{"allow":["GET"]}}],"collection":[{"href":"https:\/\/frank-heinen.de\/index.php\/wp-json\/wp\/v2\/pages"}],"about":[{"href":"https:\/\/frank-heinen.de\/index.php\/wp-json\/wp\/v2\/types\/page"}],"author":[{"embeddable":true,"href":"https:\/\/frank-heinen.de\/index.php\/wp-json\/wp\/v2\/users\/1"}],"replies":[{"embeddable":true,"href":"https:\/\/frank-heinen.de\/index.php\/wp-json\/wp\/v2\/comments?post=43"}],"version-history":[{"count":5,"href":"https:\/\/frank-heinen.de\/index.php\/wp-json\/wp\/v2\/pages\/43\/revisions"}],"predecessor-version":[{"id":150,"href":"https:\/\/frank-heinen.de\/index.php\/wp-json\/wp\/v2\/pages\/43\/revisions\/150"}],"wp:featuredmedia":[{"embeddable":true,"href":"https:\/\/frank-heinen.de\/index.php\/wp-json\/wp\/v2\/media\/57"}],"wp:attachment":[{"href":"https:\/\/frank-heinen.de\/index.php\/wp-json\/wp\/v2\/media?parent=43"}],"curies":[{"name":"wp","href":"https:\/\/api.w.org\/{rel}","templated":true}]}}