{"id":64,"date":"2020-11-03T18:39:34","date_gmt":"2020-11-03T18:39:34","guid":{"rendered":"https:\/\/frank-heinen.de\/?page_id=64"},"modified":"2020-11-03T18:41:48","modified_gmt":"2020-11-03T18:41:48","slug":"aktuelles","status":"publish","type":"page","link":"https:\/\/frank-heinen.de\/index.php\/aktuelles\/","title":{"rendered":"Aktuelles"},"content":{"rendered":"<p>Lieber Besucher,<\/p>\n<p>ich habe mich dazu entschieden die aktuellen Informationen nur noch \u00fcber meinen Facebook Account zu ver\u00f6ffentlchen.<br \/>\nNat\u00fcrlich w\u00fcrde ich mich auch \u00fcber einen Besuch der Facebookseite freuen.<\/p>\n<p>Frank Heinen auf Facebook findet man unter:<\/p>\n<p><a href=\"https:\/\/www.facebook.com\/frankheinenwersi\/?fref=ts\">https:\/\/www.facebook.com\/frankheinenwersi\/?fref=ts<\/a><\/p>\n","protected":false},"excerpt":{"rendered":"<p>Lieber Besucher, ich habe mich dazu entschieden die aktuellen Informationen nur noch \u00fcber meinen Facebook Account zu ver\u00f6ffentlchen. Nat\u00fcrlich w\u00fcrde ich mich auch \u00fcber einen Besuch der Facebookseite freuen. Frank Heinen auf Facebook findet man unter: https:\/\/www.facebook.com\/frankheinenwersi\/?fref=ts<\/p>\n","protected":false},"author":1,"featured_media":0,"parent":0,"menu_order":0,"comment_status":"closed","ping_status":"closed","template":"","meta":{"_et_pb_use_builder":"","_et_pb_old_content":"","_et_gb_content_width":"","footnotes":""},"class_list":["post-64","page","type-page","status-publish","hentry"],"_links":{"self":[{"href":"https:\/\/frank-heinen.de\/index.php\/wp-json\/wp\/v2\/pages\/64","targetHints":{"allow":["GET"]}}],"collection":[{"href":"https:\/\/frank-heinen.de\/index.php\/wp-json\/wp\/v2\/pages"}],"about":[{"href":"https:\/\/frank-heinen.de\/index.php\/wp-json\/wp\/v2\/types\/page"}],"author":[{"embeddable":true,"href":"https:\/\/frank-heinen.de\/index.php\/wp-json\/wp\/v2\/users\/1"}],"replies":[{"embeddable":true,"href":"https:\/\/frank-heinen.de\/index.php\/wp-json\/wp\/v2\/comments?post=64"}],"version-history":[{"count":2,"href":"https:\/\/frank-heinen.de\/index.php\/wp-json\/wp\/v2\/pages\/64\/revisions"}],"predecessor-version":[{"id":67,"href":"https:\/\/frank-heinen.de\/index.php\/wp-json\/wp\/v2\/pages\/64\/revisions\/67"}],"wp:attachment":[{"href":"https:\/\/frank-heinen.de\/index.php\/wp-json\/wp\/v2\/media?parent=64"}],"curies":[{"name":"wp","href":"https:\/\/api.w.org\/{rel}","templated":true}]}}